{"id":35,"date":"2014-08-29T17:13:54","date_gmt":"2014-08-29T16:13:54","guid":{"rendered":"http:\/\/www.lesouvenirfrancais-saintchinian.fr\/?page_id=35"},"modified":"2014-09-01T17:51:29","modified_gmt":"2014-09-01T16:51:29","slug":"avant-propos","status":"publish","type":"page","link":"https:\/\/www.lesouvenirfrancais-saintchinian.fr\/?page_id=35","title":{"rendered":"Avant-propos"},"content":{"rendered":"<h3 class=\"widget-title\">Le Souvenir Fran\u00e7ais a pour vocation de maintenir la m\u00e9moire de tous ceux qui, combattants de la libert\u00e9 et du droit, sont morts pour la France, ou l\u2019ont bien servie, qu\u2019ils soient Fran\u00e7ais ou \u00e9trangers.<\/h3>\n<h3 class=\"widget-title\">Il a pour mission l\u2019entretien des s\u00e9pultures et des monuments comm\u00e9moratifs, l\u2019organisation d\u2019actions de M\u00e9moire pour rendre hommage au courage et \u00e0 la fid\u00e9lit\u00e9 de tous ces hommes et ces femmes morts aux champs d\u2019honneur.<\/h3>\n<h3 class=\"widget-title\">N\u00e9 en 1872 en Alsace et en Lorraine occup\u00e9es puis cr\u00e9\u00e9 en 1887 par Xavier Niessen, Le Souvenir Fran\u00e7ais a \u00e9t\u00e9 reconnu d\u2019utilit\u00e9 publique en 1906.<\/h3>\n<h3 class=\"widget-title\">L\u2019association est plac\u00e9e sous la haut patronage du Pr\u00e9sident de la R\u00e9publique. Elle a \u00e9t\u00e9 couronn\u00e9e par l\u2019Acad\u00e9mie Fran\u00e7aise en 1975 et par l\u2019Acad\u00e9mie des Sciences Morales et Politiques en 1978.<\/h3>\n<h3 class=\"widget-title\">Le Souvenir Fran\u00e7ais est fort de ses 200.000 adh\u00e9rents et affili\u00e9s, femmes et hommes de tous \u00e2ges et de toutes origines sociales. Il est pr\u00e9sent dans tous les d\u00e9partements de France M\u00e9tropolitaine et d\u2019Outre Mer et dans 68 pays \u00e9trangers. Il compte : \u25fe96 d\u00e9l\u00e9gations g\u00e9n\u00e9rales, \u25fe1 700 comit\u00e9s, \u25fe62 repr\u00e9sentations \u00e0 l\u2019\u00e9tranger.<\/h3>\n<h3 class=\"widget-title\">N\u2019ayant aucune attache politique, libre de tout lien confessionnel ou philosophique, le Souvenir Fran\u00e7ais est ouvert \u00e0 toutes celles et \u00e0 tous ceux qui, Fran\u00e7ais ou \u00e9trangers, ont \u00ab une certaine id\u00e9e de la France \u00bb et de l\u2019id\u00e9al de libert\u00e9 pour lesquels nos anciens se sont sacrifi\u00e9s depuis la r\u00e9volution.<\/h3>\n<h3 class=\"widget-title\">Le b\u00e9n\u00e9volat est de r\u00e8gle pour le fonctionnement de l\u2019association dont les frais g\u00e9n\u00e9raux est de l\u2019ordre de seulement 20 % de ses d\u00e9penses annuelles.<\/h3>\n","protected":false},"excerpt":{"rendered":"<p>Le Souvenir Fran\u00e7ais a pour vocation de maintenir la m\u00e9moire de tous ceux qui, combattants de la libert\u00e9 et du droit, sont morts pour la France, ou l\u2019ont bien servie, qu\u2019ils soient Fran\u00e7ais ou \u00e9trangers. Il a pour mission l\u2019entretien &#8230; <a class=\"more-link\" href=\"https:\/\/www.lesouvenirfrancais-saintchinian.fr\/?page_id=35\">Read More &raquo;<\/a><\/p>\n","protected":false},"author":321,"featured_media":0,"parent":0,"menu_order":2,"comment_status":"open","ping_status":"closed","template":"","meta":{"footnotes":""},"class_list":["post-35","page","type-page","status-publish","hentry"],"_links":{"self":[{"href":"https:\/\/www.lesouvenirfrancais-saintchinian.fr\/index.php?rest_route=\/wp\/v2\/pages\/35","targetHints":{"allow":["GET"]}}],"collection":[{"href":"https:\/\/www.lesouvenirfrancais-saintchinian.fr\/index.php?rest_route=\/wp\/v2\/pages"}],"about":[{"href":"https:\/\/www.lesouvenirfrancais-saintchinian.fr\/index.php?rest_route=\/wp\/v2\/types\/page"}],"author":[{"embeddable":true,"href":"https:\/\/www.lesouvenirfrancais-saintchinian.fr\/index.php?rest_route=\/wp\/v2\/users\/321"}],"replies":[{"embeddable":true,"href":"https:\/\/www.lesouvenirfrancais-saintchinian.fr\/index.php?rest_route=%2Fwp%2Fv2%2Fcomments&post=35"}],"version-history":[{"count":3,"href":"https:\/\/www.lesouvenirfrancais-saintchinian.fr\/index.php?rest_route=\/wp\/v2\/pages\/35\/revisions"}],"predecessor-version":[{"id":90,"href":"https:\/\/www.lesouvenirfrancais-saintchinian.fr\/index.php?rest_route=\/wp\/v2\/pages\/35\/revisions\/90"}],"wp:attachment":[{"href":"https:\/\/www.lesouvenirfrancais-saintchinian.fr\/index.php?rest_route=%2Fwp%2Fv2%2Fmedia&parent=35"}],"curies":[{"name":"wp","href":"https:\/\/api.w.org\/{rel}","templated":true}]}}